{"id":2,"date":"2014-10-26T18:23:24","date_gmt":"2014-10-26T16:23:24","guid":{"rendered":"http:\/\/www.apollo19.hn\/?page_id=2"},"modified":"2015-05-25T12:11:13","modified_gmt":"2015-05-25T10:11:13","slug":"beispiel-seite","status":"publish","type":"page","link":"https:\/\/www.apollo19.net\/?page_id=2","title":{"rendered":"Das Ideal\u00a0"},"content":{"rendered":"<p>Ja, das m\u00f6chste:<br \/>\nEine Villa im Gr\u00fcnen mit gro\u00dfer Terrasse,<br \/>\nvorn die Ostsee, hinten die Friedrichstra\u00dfe;<br \/>\nmit sch\u00f6ner Aussicht, l\u00e4ndlich-mond\u00e4n,<br \/>\nvom Badezimmer ist die Zugspitze zu sehn &#8211;<br \/>\naber abends zum Kino hast dus nicht weit.<\/p>\n<p>Das Ganze schlicht, voller Bescheidenheit:<br \/>\nNeun Zimmer &#8211; nein, doch lieber zehn!<br \/>\nEin Dachgarten, wo die Eichen drauf stehn,<br \/>\nRadio, Zentralheizung, Vakuum,<br \/>\neine Dienerschaft, gut gezogen und stumm,<br \/>\neine s\u00fc\u00dfe Frau voller Rasse und Verve &#8211;<br \/>\n(und eine f\u00fcrs Wochenend, zur Reserve) &#8211;<br \/>\neine Bibliothek und drumherum<br \/>\nEinsamkeit und Hummelgesumm.<br \/>\nIm Stall: Zwei Ponies, vier Vollbluthengste,<br \/>\nacht Autos, Motorrad &#8211; alles lenkste<br \/>\nnat\u00fcrlich selber &#8211; das w\u00e4r ja gelacht!<br \/>\nUnd zwischendurch gehst du auf Hochwildjagd.<\/p>\n<p>Ja, und das hab ich ganz vergessen:<br \/>\nPrima K\u00fcche &#8211; erstes Essen &#8211;<br \/>\nalte Weine aus sch\u00f6nem Pokal &#8211;<br \/>\nund egalweg bleibst du d\u00fcnn wie ein Aal.<br \/>\nUnd Geld. Und an Schmuck eine richtige Portion.<br \/>\nUnd noch ne Million und noch ne Million.<br \/>\nUnd Reisen. Und fr\u00f6hliche Lebensbuntheit.<br \/>\nUnd famose Kinder. Und ewige Gesundheit.<br \/>\nJa, das m\u00f6chste!<\/p>\n<p>Aber, wie das so ist hienieden:<br \/>\nmanchmal scheints so, als sei es beschieden<br \/>\nnur p\u00f6ap\u00f6, das irdische Gl\u00fcck.<br \/>\nImmer fehlt dir irgendein St\u00fcck.<br \/>\nHast du Geld, dann hast du nicht K\u00e4ten;<br \/>\nhast du die Frau, dann fehln dir Moneten &#8211;<br \/>\nhast du die Geisha, dann st\u00f6rt dich der F\u00e4cher:<br \/>\nbald fehlt uns der Wein, bald fehlt uns der Becher.<br \/>\nEtwas ist immer.<\/p>\n<p>Tr\u00f6ste dich.<br \/>\nJedes Gl\u00fcck hat einen kleinen Stich.<br \/>\nWir m\u00f6chten so viel: Haben. Sein. Und gelten.<br \/>\nDa\u00df einer alles hat:<br \/>\ndas ist selten.<\/p>\n<p><em>(<span style=\"line-height: normal; -webkit-text-size-adjust: auto; background-color: rgba(255, 255, 255, 0);\">Kurt Tucholsky\u00a0<\/span>1927)<\/em><\/p>\n","protected":false},"excerpt":{"rendered":"<p>Ja, das m\u00f6chste: Eine Villa im Gr\u00fcnen mit gro\u00dfer Terrasse, vorn die Ostsee, hinten die Friedrichstra\u00dfe; mit sch\u00f6ner Aussicht, l\u00e4ndlich-mond\u00e4n, vom Badezimmer ist die Zugspitze zu sehn &#8211; aber abends zum Kino hast dus nicht weit. Das Ganze schlicht, voller Bescheidenheit: Neun Zimmer &#8211; nein, doch lieber zehn! Ein Dachgarten, wo die Eichen drauf stehn, &hellip; <a href=\"https:\/\/www.apollo19.net\/?page_id=2\" class=\"more-link\"><span class=\"screen-reader-text\">Das Ideal\u00a0<\/span> weiterlesen <span class=\"meta-nav\">&rarr;<\/span><\/a><\/p>\n","protected":false},"author":1,"featured_media":0,"parent":0,"menu_order":0,"comment_status":"open","ping_status":"open","template":"","meta":[],"_links":{"self":[{"href":"https:\/\/www.apollo19.net\/index.php?rest_route=\/wp\/v2\/pages\/2"}],"collection":[{"href":"https:\/\/www.apollo19.net\/index.php?rest_route=\/wp\/v2\/pages"}],"about":[{"href":"https:\/\/www.apollo19.net\/index.php?rest_route=\/wp\/v2\/types\/page"}],"author":[{"embeddable":true,"href":"https:\/\/www.apollo19.net\/index.php?rest_route=\/wp\/v2\/users\/1"}],"replies":[{"embeddable":true,"href":"https:\/\/www.apollo19.net\/index.php?rest_route=%2Fwp%2Fv2%2Fcomments&post=2"}],"version-history":[{"count":5,"href":"https:\/\/www.apollo19.net\/index.php?rest_route=\/wp\/v2\/pages\/2\/revisions"}],"predecessor-version":[{"id":73,"href":"https:\/\/www.apollo19.net\/index.php?rest_route=\/wp\/v2\/pages\/2\/revisions\/73"}],"wp:attachment":[{"href":"https:\/\/www.apollo19.net\/index.php?rest_route=%2Fwp%2Fv2%2Fmedia&parent=2"}],"curies":[{"name":"wp","href":"https:\/\/api.w.org\/{rel}","templated":true}]}}